{"id":1694,"date":"2023-12-03T19:13:32","date_gmt":"2023-12-03T19:13:32","guid":{"rendered":"https:\/\/bondiv.org\/?page_id=1694"},"modified":"2023-12-03T19:52:28","modified_gmt":"2023-12-03T19:52:28","slug":"mbou-mon-tour","status":"publish","type":"page","link":"https:\/\/bondiv.org\/index.php\/mbou-mon-tour\/","title":{"rendered":"Mbou Mon Tour"},"content":{"rendered":"\t\t<div data-elementor-type=\"wp-page\" data-elementor-id=\"1694\" class=\"elementor elementor-1694\">\n\t\t\t\t\t\t<section class=\"elementor-section elementor-top-section elementor-element elementor-element-01898cb elementor-section-boxed elementor-section-height-default elementor-section-height-default\" data-id=\"01898cb\" data-element_type=\"section\">\n\t\t\t\t\t\t<div class=\"elementor-container elementor-column-gap-default\">\n\t\t\t\t\t<div class=\"elementor-column elementor-col-100 elementor-top-column elementor-element elementor-element-26a5598\" data-id=\"26a5598\" data-element_type=\"column\">\n\t\t\t<div class=\"elementor-widget-wrap elementor-element-populated\">\n\t\t\t\t\t\t<div class=\"elementor-element elementor-element-0c04705 elementor-widget elementor-widget-text-editor\" data-id=\"0c04705\" data-element_type=\"widget\" data-widget_type=\"text-editor.default\">\n\t\t\t\t<div class=\"elementor-widget-container\">\n\t\t\t\t\t\t\t\t\t<h5><strong>\u00a0Br\u00e8ve pr\u00e9sentation de Mbou-Mon-Tour (MMT<\/strong><strong>)<\/strong><\/h5><h1><a name=\"_Toc143956840\"><\/a><\/h1><p>Mbou-Mon-Tour (MMT) est une Organisation Non Gouvernementale (ONG) de droit congolais, bas\u00e9e dans la province de Ma\u00ef-Ndombe, Territoire de Bolobo, \u00e0 environ 300 km au nord de Kinshasa, entre les latitudes -2.55 et -2.30 et les longitudes 16.14 et 16.30.<\/p><p>A la suite de la rar\u00e9faction de certaines esp\u00e8ces animales et des effets de la d\u00e9forestation combin\u00e9es \u00e0 une diminution de l\u2019observance des lois coutumi\u00e8res sur le respect de la biodiversit\u00e9 locale, des habitants du village Nkala dans le Territoire de Bolobo et quelques des cadres universitaires originaires de la zone, soutenus par leurs chefs coutumiers, ont cr\u00e9\u00e9 en avril 1997 une association d\u00e9nomm\u00e9e \u00ab Mbou-Mon-Tour \u00bb, en sigle MMT. Cette mobilisation collective a d\u00e9bouch\u00e9 sur un programme de conservation communautaire innovant visant un d\u00e9veloppement socio-\u00e9conomique compatible avec la conservation de la biodiversit\u00e9 de la r\u00e9gion.<\/p><h1><strong><img fetchpriority=\"high\" decoding=\"async\" class=\"wp-image-1712 alignright\" src=\"https:\/\/bondiv.org\/wp-content\/uploads\/2023\/12\/IMG-20200830-WA0028-1024x768.jpg\" alt=\"\" width=\"333\" height=\"250\" srcset=\"https:\/\/bondiv.org\/wp-content\/uploads\/2023\/12\/IMG-20200830-WA0028-1024x768.jpg 1024w, https:\/\/bondiv.org\/wp-content\/uploads\/2023\/12\/IMG-20200830-WA0028-300x225.jpg 300w, https:\/\/bondiv.org\/wp-content\/uploads\/2023\/12\/IMG-20200830-WA0028-768x576.jpg 768w, https:\/\/bondiv.org\/wp-content\/uploads\/2023\/12\/IMG-20200830-WA0028.jpg 1040w\" sizes=\"(max-width: 333px) 100vw, 333px\" \/><\/strong><\/h1><p>Son si\u00e8ge est situ\u00e9 dans sa ferme agropastorale, \u00e0 2 km du village Nkala, Territoire de Bolobo, dans la Province de Ma\u00ef-Ndombe.<\/p><p>Cette association s\u2019\u00e9tait assign\u00e9e comme objectifs principaux la protection de l\u2019environnement et la promotion du d\u00e9veloppement durable. Le rayon d\u2019action de MMT est la province du Ma\u00ef-Ndombe, en R\u00e9publique D\u00e9mocratique du Congo ; il comprend les Territoires de Bolobo et Mushie pour les activit\u00e9s de la conservation communautaire et ceux de Yumbi, Inongo et Kutu pour la sensibilisation \u00e0 la protection de la biodiversit\u00e9.<\/p><h5><strong><img decoding=\"async\" class=\"size-medium wp-image-1717 alignleft\" src=\"https:\/\/bondiv.org\/wp-content\/uploads\/2023\/12\/WhatsApp-Image-2022-03-22-at-21.48.33-300x135.jpeg\" alt=\"\" width=\"300\" height=\"135\" srcset=\"https:\/\/bondiv.org\/wp-content\/uploads\/2023\/12\/WhatsApp-Image-2022-03-22-at-21.48.33-300x135.jpeg 300w, https:\/\/bondiv.org\/wp-content\/uploads\/2023\/12\/WhatsApp-Image-2022-03-22-at-21.48.33-1024x461.jpeg 1024w, https:\/\/bondiv.org\/wp-content\/uploads\/2023\/12\/WhatsApp-Image-2022-03-22-at-21.48.33-768x346.jpeg 768w, https:\/\/bondiv.org\/wp-content\/uploads\/2023\/12\/WhatsApp-Image-2022-03-22-at-21.48.33.jpeg 1080w\" sizes=\"(max-width: 300px) 100vw, 300px\" \/><\/strong><\/h5><p>MMT s\u2019est fix\u00e9 comme vision de contribuer \u00e0 un monde o\u00f9 les personnes satisfont \u00e0 leurs besoins primaires gr\u00e2ce \u00e0 la gestion durable des ressources naturelles. Sa mission est d\u2019accompagner les communaut\u00e9s dans des initiatives de d\u00e9veloppement, conservation et gestion rationnelle de la biodiversit\u00e9 de la province du Ma\u00ef-Ndombe.<\/p><p>Concernant sp\u00e9cifiquement les bonobos, <em>Pan paniscus<\/em>, esp\u00e8ce end\u00e9mique de la RDC et menac\u00e9e d\u2019extinction, MMT a surpris le monde scientifique en 2001 par l\u2019annonce de la pr\u00e9sence de ces grands singes dans le Territoire de Bolobo, \u00e0 300 km environ au nord de Kinshasa. Les organismes de conservation contact\u00e9s ont longtemps estim\u00e9 que les bonobos ne pouvaient pas vivre dans un habitat de ce type et il a fallu attendre la confirmation de l\u2019information par une \u00e9quipe de WWF invit\u00e9e par MMT en novembre 2005 pour que cette pr\u00e9sence soit enfin reconnue par la communaut\u00e9 scientifique internationale, ce qui a eu comme cons\u00e9quence la modification du landscape Lac Tumba et l\u2019installation de WWF dans la r\u00e9gion.<\/p><p style=\"text-align: center;\"><img decoding=\"async\" class=\"aligncenter wp-image-1714\" title=\"Photo by Zanne Clay\" src=\"https:\/\/bondiv.org\/wp-content\/uploads\/2023\/12\/Zanne-Clay-1-1024x693.jpg\" alt=\"Photo by Zanne Clay\" width=\"800\" height=\"542\" srcset=\"https:\/\/bondiv.org\/wp-content\/uploads\/2023\/12\/Zanne-Clay-1-1024x693.jpg 1024w, https:\/\/bondiv.org\/wp-content\/uploads\/2023\/12\/Zanne-Clay-1-300x203.jpg 300w, https:\/\/bondiv.org\/wp-content\/uploads\/2023\/12\/Zanne-Clay-1-768x520.jpg 768w, https:\/\/bondiv.org\/wp-content\/uploads\/2023\/12\/Zanne-Clay-1-1536x1040.jpg 1536w, https:\/\/bondiv.org\/wp-content\/uploads\/2023\/12\/Zanne-Clay-1-2048x1386.jpg 2048w\" sizes=\"(max-width: 800px) 100vw, 800px\" \/><em style=\"font-size: 16px;\"><span style=\"color: #999999;\">Photo by Zanne Clay<\/span><\/em><\/p><p><span style=\"font-style: inherit; font-weight: inherit; color: var( --e-global-color-text ); letter-spacing: 0px; background-color: var( --e-global-color-c696dce );\">B\u00e9n\u00e9ficiant d\u2019un large soutien de la part des chefs coutumiers et des populations locales, MMT a rapidement entam\u00e9 depuis 2001 une s\u00e9rie de campagnes de sensibilisation sur la protection des bonobos et d\u00e9velopp\u00e9 un mode de communication susceptible d\u2019atteindre un large public, \u00e0 travers des chansons populaires bas\u00e9es sur les vieilles coutumes T\u00e9k\u00e9 interdisant la chasse et la consommation de la viande du bonobo.<\/span><\/p><p>A la suite de ces campagnes de sensibilisation, 6 villages de la r\u00e9gion, \u00e0 savoir Bodzuna, Embirima, Makaa, Mbee, Mpelu et Nkala, prirent la d\u00e9cision en 2006 de consacrer une portion de leur for\u00eat \u00e0 la protection des bonobos et des petits singes, aboutissant \u00e0 un processus de cr\u00e9ation de for\u00eats communautaires. Ce travail se base sur l\u2019article 22 du code forestier qui accorde d\u00e9sormais la possibilit\u00e9 aux communaut\u00e9s locales de g\u00e9rer elles-m\u00eames leurs for\u00eats r\u00e9guli\u00e8rement poss\u00e9d\u00e9es en vertu de la coutume.<\/p><p>C\u2019est \u00e0 partir de cette date que MMT commen\u00e7a \u00e0 appuyer la constitution et la formation d\u2019\u00e9quipes de pisteurs villageois, ainsi que leur prise en charge par le biais de ses diff\u00e9rents partenaires. Les pisteurs ont comme principales t\u00e2ches d\u2019assurer le monitoring r\u00e9gulier et l\u2019habituation des primates, de collecter les donn\u00e9es de suivi des bonobos et sur les habitats et d\u2019assurer la surveillance des for\u00eats via les patrouilles communautaires pour dissuader les activit\u00e9s illicites dans ces for\u00eats.<\/p><p>MMT compte \u00e0 ce jour 7 sites de monitoring des bonobos dont 4 sont destin\u00e9s \u00e0 l\u2019habituation progressive de l\u2019esp\u00e8ce \u00e0 la pr\u00e9sence humaine, les 3 autres \u00e9tant exclusivement des sites de suivi \u00e9cologique.<\/p><figure id=\"attachment_1715\" aria-describedby=\"caption-attachment-1715\" style=\"width: 800px\" class=\"wp-caption aligncenter\"><img loading=\"lazy\" decoding=\"async\" class=\"wp-image-1715\" src=\"https:\/\/bondiv.org\/wp-content\/uploads\/2023\/12\/Photo-prise-par-Victor-Narat-1024x692.jpg\" alt=\"\" width=\"800\" height=\"541\" srcset=\"https:\/\/bondiv.org\/wp-content\/uploads\/2023\/12\/Photo-prise-par-Victor-Narat-1024x692.jpg 1024w, https:\/\/bondiv.org\/wp-content\/uploads\/2023\/12\/Photo-prise-par-Victor-Narat-300x203.jpg 300w, https:\/\/bondiv.org\/wp-content\/uploads\/2023\/12\/Photo-prise-par-Victor-Narat-768x519.jpg 768w, https:\/\/bondiv.org\/wp-content\/uploads\/2023\/12\/Photo-prise-par-Victor-Narat.jpg 1280w\" sizes=\"(max-width: 800px) 100vw, 800px\" \/><figcaption id=\"caption-attachment-1715\" class=\"wp-caption-text\"><span style=\"color: #999999;\"><em>Photo by Victor Narat<\/em><\/span><\/figcaption><\/figure><p>La proximit\u00e9 de la r\u00e9gion avec Kinshasa et Brazzaville est un atout important en mati\u00e8re de recherche scientifique et de d\u00e9veloppement du tourisme. Ces sites d\u2019\u00e9tude et de suivi des bonobos et petits singes accueillent r\u00e9guli\u00e8rement des chercheurs et \u00e9tudiants venus du monde entier et il est actuellement possible d\u2019observer les bonobos en milieu naturel et en continu pendant plus de 5 heures \u00e0 moins de 20 m\u00e8tres. Actuellement, 41 pisteurs travaillent sur les 6 sites de MMT sous la supervision d\u2019un coordinateur local, \u00e9voluant lui-m\u00eame sous la tutelle de la direction \u00e0 Kinshasa.<\/p><p>Reconnaissant le r\u00f4le des communaut\u00e9s riveraines dans la survie des populations des bonobos vivant dans cette r\u00e9gion, MMT n\u2019a jamais envisag\u00e9 soutenir la cr\u00e9ation d\u2019une r\u00e9serve naturelle au sens classique du terme et a plut\u00f4t opt\u00e9 pour le soutien \u00e0 la participation des habitants de la r\u00e9gion \u00e0 la conservation de la Nature, consistant \u00e0 consacrer une partie de la for\u00eat \u00e0 la conservation des bonobos tout en faisant b\u00e9n\u00e9ficier les communaut\u00e9s riveraines des retomb\u00e9es de cette conservation communautaire.<\/p><p>Pour parvenir \u00e0 cet objectif, MMT se base sur l\u2019article 22 du code forestier congolais et accompagne ainsi six communaut\u00e9s locales pr\u00e9cit\u00e9es dans la gestion de leurs Concessions des For\u00eats des Communaut\u00e9s Locales (CFCL), d\u00e9sormais reconnues l\u00e9galement par des arr\u00eat\u00e9s sign\u00e9s par le Gouverneur de la province de Ma\u00ef-Ndombe depuis le mois de mai de l\u2019ann\u00e9e 2017.<\/p><p>MMT a su faire valoir \u00a0son mod\u00e8le innovant de conservation de la nature \u00e0 base communautaire tant au niveau national qu\u2019international et ce au travers des actions de communication, lobbying et plaidoyer. A titre illustratif, son projet a fait l\u2019objet de plusieurs reportages de m\u00e9dias internationaux dont <strong>RFI, France Culture Monde, Ushuaia TV, France 2, France 3, National Geographic.\u00a0 <\/strong><\/p><p>En plus, MMT figure parmi les ONGs qui ont pu obtenir des titres l\u00e9gaux officiels en guise de la s\u00e9curisation juridique de leurs CFCLs (Concessions de For\u00eats de Communaut\u00e9s Locales), apr\u00e8s publication des mesures d\u2019application relatives aux CFCLs.<\/p><p>A l\u2019heure actuelle, les CFCLs supervis\u00e9es par MMT font figure d\u2019\u00e9cole en mati\u00e8re d\u2019initiatives de concessions foresti\u00e8res des communaut\u00e9s locales et de protection de la faune. L\u2019engagement de <strong>MMT<\/strong> avec le plein concours des populations locales \u00e0 pr\u00e9server les for\u00eats naturelles de Bolobo lui a valu trois <strong>m\u00e9rites internationaux<\/strong> dont le <strong>Prix Alexandre Abraham (2009),<\/strong> le <strong>Prix Ashden (2021) <\/strong>et <strong>le Prix Equateur (2022).<\/strong><\/p><p>De mani\u00e8re globale, les activit\u00e9s de MMT se focalisent sur les th\u00e9matiques suivantes :<\/p><ul><li>La sensibilisation sur l\u2019utilisation durable de la biodiversit\u00e9 et la conservation des bonobos et des autres esp\u00e8ces prot\u00e9g\u00e9es, ainsi que la protection de leurs habitats ;<\/li><li>L\u2019accompagnement des communaut\u00e9s locales dans le processus de la foresterie communautaire ;<\/li><li>L\u2019habituation et le monitoring des bonobos et le suivi des petits singes ;<\/li><li>Le d\u00e9veloppement d\u2019activit\u00e9s \u00e9conomiques alternatives, susceptibles de r\u00e9duire la d\u00e9pendance des populations locales aux ressources foresti\u00e8res et d\u2019am\u00e9liorer leurs conditions de vie ;<\/li><li>Le renforcement des capacit\u00e9s des communaut\u00e9s locales et du staff de terrain et de bureau de MMT ;<\/li><li>La lutte et l\u2019adaptation au changement climatique \u00e0 travers le reboisement, l\u2019agroforesterie et la mise en d\u00e9fens en vue de la r\u00e9g\u00e9n\u00e9ration naturelle ;<\/li><li>La valorisation des ressources locales \u00e0 travers l\u2019\u00e9cotourisme et la recherche scientifique.<\/li><\/ul><p>Pour contact:<\/p><p>Bureau \u00e0 Kinshasa\u00a0: N\u00b012, 15\u00e8me Rue Limete Industriel, Kinshasa, RDC.<\/p><p>Tel.\u00a0: +243810340845<\/p><p>Facebook\u00a0: <a href=\"https:\/\/web.facebook.com\/mboumontour\" target=\"_blank\" rel=\"noopener\">https:\/\/web.facebook.com\/mboumontour<\/a><\/p><p>E-mail\u00a0: <a href=\"mailto:ongmboumontour7@gmail.com\">ongmboumontour7@gmail.com<\/a><\/p><p>Site Web: <a href=\"https:\/\/mboumontour-mmt.org\/\" target=\"_blank\" rel=\"noopener\">https:\/\/mboumontour-mmt.org\/<\/a><\/p>\t\t\t\t\t\t\t\t<\/div>\n\t\t\t\t<\/div>\n\t\t\t\t\t<\/div>\n\t\t<\/div>\n\t\t\t\t\t<\/div>\n\t\t<\/section>\n\t\t\t\t<\/div>\n\t\t","protected":false},"excerpt":{"rendered":"<p>\u00a0Br\u00e8ve pr\u00e9sentation de Mbou-Mon-Tour (MMT) Mbou-Mon-Tour (MMT) est une Organisation Non Gouvernementale (ONG) de droit congolais, bas\u00e9e dans la province de Ma\u00ef-Ndombe, Territoire de Bolobo, \u00e0 environ 300 km au nord de Kinshasa, entre les latitudes -2.55 et -2.30 et les longitudes 16.14 et 16.30. A la suite de la rar\u00e9faction de certaines esp\u00e8ces animales &hellip;<\/p>\n<p class=\"read-more\"> <a class=\"\" href=\"https:\/\/bondiv.org\/index.php\/mbou-mon-tour\/\"> <span class=\"screen-reader-text\">Mbou Mon Tour<\/span> Read More &raquo;<\/a><\/p>\n","protected":false},"author":1,"featured_media":0,"parent":0,"menu_order":0,"comment_status":"closed","ping_status":"closed","template":"","meta":{"_uag_custom_page_level_css":"","_monsterinsights_skip_tracking":false,"_monsterinsights_sitenote_active":false,"_monsterinsights_sitenote_note":"","_monsterinsights_sitenote_category":0,"site-sidebar-layout":"no-sidebar","site-content-layout":"page-builder","ast-main-header-display":"","ast-hfb-above-header-display":"","ast-hfb-below-header-display":"","ast-hfb-mobile-header-display":"","site-post-title":"disabled","ast-breadcrumbs-content":"","ast-featured-img":"disabled","footer-sml-layout":"","theme-transparent-header-meta":"","adv-header-id-meta":"","stick-header-meta":"","header-above-stick-meta":"","header-main-stick-meta":"","header-below-stick-meta":"","footnotes":""},"class_list":["post-1694","page","type-page","status-publish","hentry"],"yoast_head":"<!-- This site is optimized with the Yoast SEO plugin v18.4.1 - https:\/\/yoast.com\/wordpress\/plugins\/seo\/ -->\n<title>Mbou Mon Tour - BonDiv<\/title>\n<meta name=\"robots\" content=\"index, follow, max-snippet:-1, max-image-preview:large, max-video-preview:-1\" \/>\n<link rel=\"canonical\" href=\"https:\/\/bondiv.org\/index.php\/mbou-mon-tour\/\" \/>\n<meta property=\"og:locale\" content=\"en_US\" \/>\n<meta property=\"og:type\" content=\"article\" \/>\n<meta property=\"og:title\" content=\"Mbou Mon Tour - BonDiv\" \/>\n<meta property=\"og:description\" content=\"\u00a0Br\u00e8ve pr\u00e9sentation de Mbou-Mon-Tour (MMT) Mbou-Mon-Tour (MMT) est une Organisation Non Gouvernementale (ONG) de droit congolais, bas\u00e9e dans la province de Ma\u00ef-Ndombe, Territoire de Bolobo, \u00e0 environ 300 km au nord de Kinshasa, entre les latitudes -2.55 et -2.30 et les longitudes 16.14 et 16.30. A la suite de la rar\u00e9faction de certaines esp\u00e8ces animales &hellip; Mbou Mon Tour Read More &raquo;\" \/>\n<meta property=\"og:url\" content=\"https:\/\/bondiv.org\/index.php\/mbou-mon-tour\/\" \/>\n<meta property=\"og:site_name\" content=\"BonDiv\" \/>\n<meta property=\"article:modified_time\" content=\"2023-12-03T19:52:28+00:00\" \/>\n<meta property=\"og:image\" content=\"https:\/\/bondiv.org\/wp-content\/uploads\/2023\/12\/IMG-20200830-WA0028-1024x768.jpg\" \/>\n<meta name=\"twitter:card\" content=\"summary_large_image\" \/>\n<meta name=\"twitter:site\" content=\"@bondiv_project\" \/>\n<meta name=\"twitter:label1\" content=\"Est. reading time\" \/>\n\t<meta name=\"twitter:data1\" content=\"7 minutes\" \/>\n<script type=\"application\/ld+json\" class=\"yoast-schema-graph\">{\"@context\":\"https:\/\/schema.org\",\"@graph\":[{\"@type\":\"Organization\",\"@id\":\"https:\/\/bondiv.org\/#organization\",\"name\":\"BonDiv\",\"url\":\"https:\/\/bondiv.org\/\",\"sameAs\":[\"https:\/\/www.instagram.com\/bondiv_project\/\",\"https:\/\/twitter.com\/bondiv_project\"],\"logo\":{\"@type\":\"ImageObject\",\"@id\":\"https:\/\/bondiv.org\/#logo\",\"inLanguage\":\"en-US\",\"url\":\"https:\/\/bondiv.org\/wp-content\/uploads\/2025\/11\/cropped-BonDiv-logo-1.jpg\",\"contentUrl\":\"https:\/\/bondiv.org\/wp-content\/uploads\/2025\/11\/cropped-BonDiv-logo-1.jpg\",\"width\":1911,\"height\":805,\"caption\":\"BonDiv\"},\"image\":{\"@id\":\"https:\/\/bondiv.org\/#logo\"}},{\"@type\":\"WebSite\",\"@id\":\"https:\/\/bondiv.org\/#website\",\"url\":\"https:\/\/bondiv.org\/\",\"name\":\"BonDiv\",\"description\":\"Bonobo Diversity project\",\"publisher\":{\"@id\":\"https:\/\/bondiv.org\/#organization\"},\"potentialAction\":[{\"@type\":\"SearchAction\",\"target\":{\"@type\":\"EntryPoint\",\"urlTemplate\":\"https:\/\/bondiv.org\/?s={search_term_string}\"},\"query-input\":\"required name=search_term_string\"}],\"inLanguage\":\"en-US\"},{\"@type\":\"ImageObject\",\"@id\":\"https:\/\/bondiv.org\/index.php\/mbou-mon-tour\/#primaryimage\",\"inLanguage\":\"en-US\",\"url\":\"https:\/\/bondiv.org\/wp-content\/uploads\/2023\/12\/IMG-20200830-WA0028.jpg\",\"contentUrl\":\"https:\/\/bondiv.org\/wp-content\/uploads\/2023\/12\/IMG-20200830-WA0028.jpg\",\"width\":1040,\"height\":780},{\"@type\":\"WebPage\",\"@id\":\"https:\/\/bondiv.org\/index.php\/mbou-mon-tour\/#webpage\",\"url\":\"https:\/\/bondiv.org\/index.php\/mbou-mon-tour\/\",\"name\":\"Mbou Mon Tour - BonDiv\",\"isPartOf\":{\"@id\":\"https:\/\/bondiv.org\/#website\"},\"primaryImageOfPage\":{\"@id\":\"https:\/\/bondiv.org\/index.php\/mbou-mon-tour\/#primaryimage\"},\"datePublished\":\"2023-12-03T19:13:32+00:00\",\"dateModified\":\"2023-12-03T19:52:28+00:00\",\"breadcrumb\":{\"@id\":\"https:\/\/bondiv.org\/index.php\/mbou-mon-tour\/#breadcrumb\"},\"inLanguage\":\"en-US\",\"potentialAction\":[{\"@type\":\"ReadAction\",\"target\":[\"https:\/\/bondiv.org\/index.php\/mbou-mon-tour\/\"]}]},{\"@type\":\"BreadcrumbList\",\"@id\":\"https:\/\/bondiv.org\/index.php\/mbou-mon-tour\/#breadcrumb\",\"itemListElement\":[{\"@type\":\"ListItem\",\"position\":1,\"name\":\"Home\",\"item\":\"https:\/\/bondiv.org\/\"},{\"@type\":\"ListItem\",\"position\":2,\"name\":\"Mbou Mon Tour\"}]}]}<\/script>\n<!-- \/ Yoast SEO plugin. -->","yoast_head_json":{"title":"Mbou Mon Tour - BonDiv","robots":{"index":"index","follow":"follow","max-snippet":"max-snippet:-1","max-image-preview":"max-image-preview:large","max-video-preview":"max-video-preview:-1"},"canonical":"https:\/\/bondiv.org\/index.php\/mbou-mon-tour\/","og_locale":"en_US","og_type":"article","og_title":"Mbou Mon Tour - BonDiv","og_description":"\u00a0Br\u00e8ve pr\u00e9sentation de Mbou-Mon-Tour (MMT) Mbou-Mon-Tour (MMT) est une Organisation Non Gouvernementale (ONG) de droit congolais, bas\u00e9e dans la province de Ma\u00ef-Ndombe, Territoire de Bolobo, \u00e0 environ 300 km au nord de Kinshasa, entre les latitudes -2.55 et -2.30 et les longitudes 16.14 et 16.30. A la suite de la rar\u00e9faction de certaines esp\u00e8ces animales &hellip; Mbou Mon Tour Read More &raquo;","og_url":"https:\/\/bondiv.org\/index.php\/mbou-mon-tour\/","og_site_name":"BonDiv","article_modified_time":"2023-12-03T19:52:28+00:00","og_image":[{"url":"https:\/\/bondiv.org\/wp-content\/uploads\/2023\/12\/IMG-20200830-WA0028-1024x768.jpg"}],"twitter_card":"summary_large_image","twitter_site":"@bondiv_project","twitter_misc":{"Est. reading time":"7 minutes"},"schema":{"@context":"https:\/\/schema.org","@graph":[{"@type":"Organization","@id":"https:\/\/bondiv.org\/#organization","name":"BonDiv","url":"https:\/\/bondiv.org\/","sameAs":["https:\/\/www.instagram.com\/bondiv_project\/","https:\/\/twitter.com\/bondiv_project"],"logo":{"@type":"ImageObject","@id":"https:\/\/bondiv.org\/#logo","inLanguage":"en-US","url":"https:\/\/bondiv.org\/wp-content\/uploads\/2025\/11\/cropped-BonDiv-logo-1.jpg","contentUrl":"https:\/\/bondiv.org\/wp-content\/uploads\/2025\/11\/cropped-BonDiv-logo-1.jpg","width":1911,"height":805,"caption":"BonDiv"},"image":{"@id":"https:\/\/bondiv.org\/#logo"}},{"@type":"WebSite","@id":"https:\/\/bondiv.org\/#website","url":"https:\/\/bondiv.org\/","name":"BonDiv","description":"Bonobo Diversity project","publisher":{"@id":"https:\/\/bondiv.org\/#organization"},"potentialAction":[{"@type":"SearchAction","target":{"@type":"EntryPoint","urlTemplate":"https:\/\/bondiv.org\/?s={search_term_string}"},"query-input":"required name=search_term_string"}],"inLanguage":"en-US"},{"@type":"ImageObject","@id":"https:\/\/bondiv.org\/index.php\/mbou-mon-tour\/#primaryimage","inLanguage":"en-US","url":"https:\/\/bondiv.org\/wp-content\/uploads\/2023\/12\/IMG-20200830-WA0028.jpg","contentUrl":"https:\/\/bondiv.org\/wp-content\/uploads\/2023\/12\/IMG-20200830-WA0028.jpg","width":1040,"height":780},{"@type":"WebPage","@id":"https:\/\/bondiv.org\/index.php\/mbou-mon-tour\/#webpage","url":"https:\/\/bondiv.org\/index.php\/mbou-mon-tour\/","name":"Mbou Mon Tour - BonDiv","isPartOf":{"@id":"https:\/\/bondiv.org\/#website"},"primaryImageOfPage":{"@id":"https:\/\/bondiv.org\/index.php\/mbou-mon-tour\/#primaryimage"},"datePublished":"2023-12-03T19:13:32+00:00","dateModified":"2023-12-03T19:52:28+00:00","breadcrumb":{"@id":"https:\/\/bondiv.org\/index.php\/mbou-mon-tour\/#breadcrumb"},"inLanguage":"en-US","potentialAction":[{"@type":"ReadAction","target":["https:\/\/bondiv.org\/index.php\/mbou-mon-tour\/"]}]},{"@type":"BreadcrumbList","@id":"https:\/\/bondiv.org\/index.php\/mbou-mon-tour\/#breadcrumb","itemListElement":[{"@type":"ListItem","position":1,"name":"Home","item":"https:\/\/bondiv.org\/"},{"@type":"ListItem","position":2,"name":"Mbou Mon Tour"}]}]}},"uagb_featured_image_src":{"full":false,"thumbnail":false,"medium":false,"medium_large":false,"large":false,"1536x1536":false,"2048x2048":false},"uagb_author_info":{"display_name":"pau.dieguezg","author_link":"https:\/\/bondiv.org\/author\/pau-dieguezg\/"},"uagb_comment_info":0,"uagb_excerpt":"\u00a0Br\u00e8ve pr\u00e9sentation de Mbou-Mon-Tour (MMT) Mbou-Mon-Tour (MMT) est une Organisation Non Gouvernementale (ONG) de droit congolais, bas\u00e9e dans la province de Ma\u00ef-Ndombe, Territoire de Bolobo, \u00e0 environ 300 km au nord de Kinshasa, entre les latitudes -2.55 et -2.30 et les longitudes 16.14 et 16.30. A la suite de la rar\u00e9faction de certaines esp\u00e8ces animales&hellip;","_links":{"self":[{"href":"https:\/\/bondiv.org\/index.php\/wp-json\/wp\/v2\/pages\/1694","targetHints":{"allow":["GET"]}}],"collection":[{"href":"https:\/\/bondiv.org\/index.php\/wp-json\/wp\/v2\/pages"}],"about":[{"href":"https:\/\/bondiv.org\/index.php\/wp-json\/wp\/v2\/types\/page"}],"author":[{"embeddable":true,"href":"https:\/\/bondiv.org\/index.php\/wp-json\/wp\/v2\/users\/1"}],"replies":[{"embeddable":true,"href":"https:\/\/bondiv.org\/index.php\/wp-json\/wp\/v2\/comments?post=1694"}],"version-history":[{"count":32,"href":"https:\/\/bondiv.org\/index.php\/wp-json\/wp\/v2\/pages\/1694\/revisions"}],"predecessor-version":[{"id":2318,"href":"https:\/\/bondiv.org\/index.php\/wp-json\/wp\/v2\/pages\/1694\/revisions\/2318"}],"wp:attachment":[{"href":"https:\/\/bondiv.org\/index.php\/wp-json\/wp\/v2\/media?parent=1694"}],"curies":[{"name":"wp","href":"https:\/\/api.w.org\/{rel}","templated":true}]}}